{"id":26,"date":"2023-07-12T15:10:02","date_gmt":"2023-07-12T15:10:02","guid":{"rendered":"https:\/\/web4.rkinformatika.net\/bkiconsulting\/?page_id=26"},"modified":"2023-07-20T23:37:35","modified_gmt":"2023-07-20T23:37:35","slug":"auditoria","status":"publish","type":"page","link":"https:\/\/bkiconsulting.net\/eu\/auditoria\/","title":{"rendered":"Ikuskaritza"},"content":{"rendered":"<div data-elementor-type=\"wp-page\" data-elementor-id=\"26\" class=\"elementor elementor-26\" data-elementor-post-type=\"page\">\n\t\t\t\t\t\t<section class=\"elementor-section elementor-top-section elementor-element elementor-element-f514e77 elementor-section-boxed elementor-section-height-default elementor-section-height-default\" data-id=\"f514e77\" data-element_type=\"section\" data-e-type=\"section\" data-settings=\"{&quot;background_background&quot;:&quot;classic&quot;}\">\n\t\t\t\t\t\t\t<div class=\"elementor-background-overlay\"><\/div>\n\t\t\t\t\t\t\t<div class=\"elementor-container elementor-column-gap-default\">\n\t\t\t\t\t<div class=\"elementor-column elementor-col-100 elementor-top-column elementor-element elementor-element-1fdc006\" data-id=\"1fdc006\" data-element_type=\"column\" data-e-type=\"column\">\n\t\t\t<div class=\"elementor-widget-wrap\">\n\t\t\t\t\t\t\t<\/div>\n\t\t<\/div>\n\t\t\t\t\t<\/div>\n\t\t<\/section>\n\t\t\t\t<section class=\"elementor-section elementor-top-section elementor-element elementor-element-513f839 elementor-section-boxed elementor-section-height-default elementor-section-height-default\" data-id=\"513f839\" data-element_type=\"section\" data-e-type=\"section\">\n\t\t\t\t\t\t<div class=\"elementor-container elementor-column-gap-no\">\n\t\t\t\t\t<div class=\"elementor-column elementor-col-100 elementor-top-column elementor-element elementor-element-bb819cb\" data-id=\"bb819cb\" data-element_type=\"column\" data-e-type=\"column\">\n\t\t\t<div class=\"elementor-widget-wrap elementor-element-populated\">\n\t\t\t\t\t\t<div class=\"elementor-element elementor-element-df5d886 elementor-invisible elementor-widget elementor-widget-heading\" data-id=\"df5d886\" data-element_type=\"widget\" data-e-type=\"widget\" data-settings=\"{&quot;_animation&quot;:&quot;fadeInDown&quot;}\" data-widget_type=\"heading.default\">\n\t\t\t\t<div class=\"elementor-widget-container\">\n\t\t\t\t\t<h2 class=\"elementor-heading-title elementor-size-default\">Ikuskaritza<\/h2>\t\t\t\t<\/div>\n\t\t\t\t<\/div>\n\t\t\t\t<div class=\"elementor-element elementor-element-17cf4ee elementor-widget elementor-widget-image\" data-id=\"17cf4ee\" data-element_type=\"widget\" data-e-type=\"widget\" data-widget_type=\"image.default\">\n\t\t\t\t<div class=\"elementor-widget-container\">\n\t\t\t\t\t\t\t\t\t\t\t\t\t\t\t<img fetchpriority=\"high\" decoding=\"async\" width=\"2000\" height=\"1333\" src=\"https:\/\/bkiconsulting.net\/wp-content\/uploads\/2023\/07\/business-people-holding-audit-report.jpg\" class=\"attachment-full size-full wp-image-601\" alt=\"Business People Holding Audit Report\" srcset=\"https:\/\/bkiconsulting.net\/wp-content\/uploads\/2023\/07\/business-people-holding-audit-report.jpg 2000w, https:\/\/bkiconsulting.net\/wp-content\/uploads\/2023\/07\/business-people-holding-audit-report-300x200.jpg 300w, https:\/\/bkiconsulting.net\/wp-content\/uploads\/2023\/07\/business-people-holding-audit-report-1024x682.jpg 1024w, https:\/\/bkiconsulting.net\/wp-content\/uploads\/2023\/07\/business-people-holding-audit-report-768x512.jpg 768w, https:\/\/bkiconsulting.net\/wp-content\/uploads\/2023\/07\/business-people-holding-audit-report-1536x1024.jpg 1536w, https:\/\/bkiconsulting.net\/wp-content\/uploads\/2023\/07\/business-people-holding-audit-report-600x400.jpg 600w\" sizes=\"(max-width: 2000px) 100vw, 2000px\" \/>\t\t\t\t\t\t\t\t\t\t\t\t\t\t\t<\/div>\n\t\t\t\t<\/div>\n\t\t\t\t<div class=\"elementor-element elementor-element-44a7311 elementor-widget elementor-widget-text-editor\" data-id=\"44a7311\" data-element_type=\"widget\" data-e-type=\"widget\" data-widget_type=\"text-editor.default\">\n\t\t\t\t<div class=\"elementor-widget-container\">\n\t\t\t\t\t\t\t\t\t<p>La auditor\u00eda del Sistema de Gesti\u00f3n es una herramienta para la mejora continua, ya que se centra en la evaluaci\u00f3n del cumplimiento. Permite garantizar la concordancia del Sistema con las pol\u00edticas, directrices y resultados previstos en la organizaci\u00f3n.<\/p><p>Una\u00a0auditor\u00eda del Sistema de Gesti\u00f3n\u00a0eval\u00faa, mediante pruebas objetivas, las metodolog\u00edas y resultados para determinar su conformidad con las pol\u00edticas de la empresa, los compromisos con los clientes y los requisitos normativos.<\/p><p>La auditor\u00eda del Sistema de Gesti\u00f3n proporciona la garant\u00eda de que los procesos y procedimientos implantados va a permitir alcanzar los objetivos fijados por la Organizaci\u00f3n.<\/p><p>En BKI le llevamos a cabo, seg\u00fan sus necesidades, los siguientes tipos de auditor\u00edas de Sistemas de Gesti\u00f3n:<\/p>\t\t\t\t\t\t\t\t<\/div>\n\t\t\t\t<\/div>\n\t\t\t\t<section class=\"elementor-section elementor-inner-section elementor-element elementor-element-df99dd1 elementor-section-boxed elementor-section-height-default elementor-section-height-default\" data-id=\"df99dd1\" data-element_type=\"section\" data-e-type=\"section\">\n\t\t\t\t\t\t<div class=\"elementor-container elementor-column-gap-no\">\n\t\t\t\t\t<div class=\"elementor-column elementor-col-33 elementor-inner-column elementor-element elementor-element-f42fe8d\" data-id=\"f42fe8d\" data-element_type=\"column\" data-e-type=\"column\" data-settings=\"{&quot;background_background&quot;:&quot;classic&quot;}\">\n\t\t\t<div class=\"elementor-widget-wrap elementor-element-populated\">\n\t\t\t\t\t\t<div class=\"elementor-element elementor-element-972cd77 elementor-widget elementor-widget-heading\" data-id=\"972cd77\" data-element_type=\"widget\" data-e-type=\"widget\" data-widget_type=\"heading.default\">\n\t\t\t\t<div class=\"elementor-widget-container\">\n\t\t\t\t\t<h2 class=\"elementor-heading-title elementor-size-default\">Auditor\u00edas Internas.<\/h2>\t\t\t\t<\/div>\n\t\t\t\t<\/div>\n\t\t\t\t<div class=\"elementor-element elementor-element-69ad2a1 elementor-widget elementor-widget-text-editor\" data-id=\"69ad2a1\" data-element_type=\"widget\" data-e-type=\"widget\" data-widget_type=\"text-editor.default\">\n\t\t\t\t<div class=\"elementor-widget-container\">\n\t\t\t\t\t\t\t\t\t<p>&#8211; ISO 9001<br \/>&#8211; IATF 16949<br \/>&#8211; ISO 45001<br \/>&#8211; ISO 39001<br \/>&#8211; Protecci\u00f3n de Datos Personales.<\/p>\t\t\t\t\t\t\t\t<\/div>\n\t\t\t\t<\/div>\n\t\t\t\t\t<\/div>\n\t\t<\/div>\n\t\t\t\t<div class=\"elementor-column elementor-col-33 elementor-inner-column elementor-element elementor-element-3bbf398\" data-id=\"3bbf398\" data-element_type=\"column\" data-e-type=\"column\" data-settings=\"{&quot;background_background&quot;:&quot;classic&quot;}\">\n\t\t\t<div class=\"elementor-widget-wrap elementor-element-populated\">\n\t\t\t\t\t\t<div class=\"elementor-element elementor-element-49f7643 elementor-widget elementor-widget-heading\" data-id=\"49f7643\" data-element_type=\"widget\" data-e-type=\"widget\" data-widget_type=\"heading.default\">\n\t\t\t\t<div class=\"elementor-widget-container\">\n\t\t\t\t\t<h2 class=\"elementor-heading-title elementor-size-default\">Auditor\u00edas a Proveedores (2\u00aa Parte).<\/h2>\t\t\t\t<\/div>\n\t\t\t\t<\/div>\n\t\t\t\t<div class=\"elementor-element elementor-element-8211cfe elementor-widget elementor-widget-text-editor\" data-id=\"8211cfe\" data-element_type=\"widget\" data-e-type=\"widget\" data-widget_type=\"text-editor.default\">\n\t\t\t\t<div class=\"elementor-widget-container\">\n\t\t\t\t\t\t\t\t\t<p>&#8211; Bajo Referenciales Propios de Cliente<br \/>&#8211; Normalizados.<\/p>\t\t\t\t\t\t\t\t<\/div>\n\t\t\t\t<\/div>\n\t\t\t\t\t<\/div>\n\t\t<\/div>\n\t\t\t\t<div class=\"elementor-column elementor-col-33 elementor-inner-column elementor-element elementor-element-4bde9c2\" data-id=\"4bde9c2\" data-element_type=\"column\" data-e-type=\"column\" data-settings=\"{&quot;background_background&quot;:&quot;classic&quot;}\">\n\t\t\t<div class=\"elementor-widget-wrap elementor-element-populated\">\n\t\t\t\t\t\t<div class=\"elementor-element elementor-element-32a9ce2 elementor-widget elementor-widget-heading\" data-id=\"32a9ce2\" data-element_type=\"widget\" data-e-type=\"widget\" data-widget_type=\"heading.default\">\n\t\t\t\t<div class=\"elementor-widget-container\">\n\t\t\t\t\t<h2 class=\"elementor-heading-title elementor-size-default\">Auditor\u00edas de Certificaci\u00f3n (3\u00aa Parte).<\/h2>\t\t\t\t<\/div>\n\t\t\t\t<\/div>\n\t\t\t\t<div class=\"elementor-element elementor-element-8132adf elementor-widget elementor-widget-text-editor\" data-id=\"8132adf\" data-element_type=\"widget\" data-e-type=\"widget\" data-widget_type=\"text-editor.default\">\n\t\t\t\t<div class=\"elementor-widget-container\">\n\t\t\t\t\t\t\t\t\t<p>&#8211; Auditor Jefe de Entidades Acreditadas ENAC y UKAS. Amplia cobertura de \u00c1reas T\u00e9cnicas.<br \/>&#8211; ISO 9001 \/ ISO 45001<\/p>\t\t\t\t\t\t\t\t<\/div>\n\t\t\t\t<\/div>\n\t\t\t\t\t<\/div>\n\t\t<\/div>\n\t\t\t\t\t<\/div>\n\t\t<\/section>\n\t\t\t\t\t<\/div>\n\t\t<\/div>\n\t\t\t\t\t<\/div>\n\t\t<\/section>\n\t\t\t\t<section class=\"elementor-section elementor-top-section elementor-element elementor-element-a9c7d10 elementor-section-boxed elementor-section-height-default elementor-section-height-default\" data-id=\"a9c7d10\" data-element_type=\"section\" data-e-type=\"section\" data-settings=\"{&quot;background_background&quot;:&quot;classic&quot;}\">\n\t\t\t\t\t\t\t<div class=\"elementor-background-overlay\"><\/div>\n\t\t\t\t\t\t\t<div class=\"elementor-container elementor-column-gap-no\">\n\t\t\t\t\t<div class=\"elementor-column elementor-col-50 elementor-top-column elementor-element elementor-element-90f2b49 elementor-invisible\" data-id=\"90f2b49\" data-element_type=\"column\" data-e-type=\"column\" data-settings=\"{&quot;animation&quot;:&quot;fadeIn&quot;,&quot;animation_delay&quot;:100}\">\n\t\t\t<div class=\"elementor-widget-wrap elementor-element-populated\">\n\t\t\t\t\t\t<div class=\"elementor-element elementor-element-8384bb7 elementor-widget elementor-widget-heading\" data-id=\"8384bb7\" data-element_type=\"widget\" data-e-type=\"widget\" data-widget_type=\"heading.default\">\n\t\t\t\t<div class=\"elementor-widget-container\">\n\t\t\t\t\t<h2 class=\"elementor-heading-title elementor-size-default\">Estaremos encantados de atenderte<\/h2>\t\t\t\t<\/div>\n\t\t\t\t<\/div>\n\t\t\t\t\t<\/div>\n\t\t<\/div>\n\t\t\t\t<div class=\"elementor-column elementor-col-50 elementor-top-column elementor-element elementor-element-1128380 elementor-invisible\" data-id=\"1128380\" data-element_type=\"column\" data-e-type=\"column\" data-settings=\"{&quot;background_background&quot;:&quot;classic&quot;,&quot;animation&quot;:&quot;fadeIn&quot;,&quot;animation_delay&quot;:200}\">\n\t\t\t<div class=\"elementor-widget-wrap elementor-element-populated\">\n\t\t\t\t\t\t<div class=\"elementor-element elementor-element-6feff9f elementor-widget__width-initial elementor-widget elementor-widget-button\" data-id=\"6feff9f\" data-element_type=\"widget\" data-e-type=\"widget\" data-widget_type=\"button.default\">\n\t\t\t\t<div class=\"elementor-widget-container\">\n\t\t\t\t\t\t\t\t\t<div class=\"elementor-button-wrapper\">\n\t\t\t\t\t<a class=\"elementor-button elementor-button-link elementor-size-sm\" href=\"https:\/\/bkiconsulting.net\/eu\/contacto\/\">\n\t\t\t\t\t\t<span class=\"elementor-button-content-wrapper\">\n\t\t\t\t\t\t\t\t\t<span class=\"elementor-button-text\">Jarri gurekin harreman<\/span>\n\t\t\t\t\t<\/span>\n\t\t\t\t\t<\/a>\n\t\t\t\t<\/div>\n\t\t\t\t\t\t\t\t<\/div>\n\t\t\t\t<\/div>\n\t\t\t\t\t<\/div>\n\t\t<\/div>\n\t\t\t\t\t<\/div>\n\t\t<\/section>\n\t\t\t\t<\/div>","protected":false},"excerpt":{"rendered":"<p>Auditoria La auditor\u00eda del Sistema de Gesti\u00f3n es una herramienta para la mejora continua, ya que se centra en la evaluaci\u00f3n del cumplimiento. Permite garantizar la concordancia del Sistema con las pol\u00edticas, directrices y resultados previstos en la organizaci\u00f3n. Una\u00a0auditor\u00eda del Sistema de Gesti\u00f3n\u00a0eval\u00faa, mediante pruebas objetivas, las metodolog\u00edas y resultados para determinar su conformidad [&hellip;]<\/p>\n","protected":false},"author":1,"featured_media":0,"parent":0,"menu_order":0,"comment_status":"closed","ping_status":"closed","template":"elementor_canvas","meta":{"footnotes":""},"class_list":["post-26","page","type-page","status-publish","hentry"],"yoast_head":"<!-- This site is optimized with the Yoast SEO plugin v27.5 - https:\/\/yoast.com\/product\/yoast-seo-wordpress\/ -->\n<title>Auditoria - BKI Consulting<\/title>\n<meta name=\"robots\" content=\"index, follow, max-snippet:-1, max-image-preview:large, max-video-preview:-1\" \/>\n<link rel=\"canonical\" href=\"https:\/\/bkiconsulting.net\/eu\/auditoria\/\" \/>\n<meta property=\"og:locale\" content=\"en_US\" \/>\n<meta property=\"og:type\" content=\"article\" \/>\n<meta property=\"og:title\" content=\"Auditoria - BKI Consulting\" \/>\n<meta property=\"og:description\" content=\"Auditoria La auditor\u00eda del Sistema de Gesti\u00f3n es una herramienta para la mejora continua, ya que se centra en la evaluaci\u00f3n del cumplimiento. Permite garantizar la concordancia del Sistema con las pol\u00edticas, directrices y resultados previstos en la organizaci\u00f3n. Una\u00a0auditor\u00eda del Sistema de Gesti\u00f3n\u00a0eval\u00faa, mediante pruebas objetivas, las metodolog\u00edas y resultados para determinar su conformidad [&hellip;]\" \/>\n<meta property=\"og:url\" content=\"https:\/\/bkiconsulting.net\/eu\/auditoria\/\" \/>\n<meta property=\"og:site_name\" content=\"BKI Consulting\" \/>\n<meta property=\"article:modified_time\" content=\"2023-07-20T23:37:35+00:00\" \/>\n<meta property=\"og:image\" content=\"https:\/\/bkiconsulting.net\/wp-content\/uploads\/2023\/07\/business-people-holding-audit-report.jpg\" \/>\n<meta name=\"twitter:card\" content=\"summary_large_image\" \/>\n<meta name=\"twitter:label1\" content=\"Est. reading time\" \/>\n\t<meta name=\"twitter:data1\" content=\"1 minutua\" \/>\n<script type=\"application\/ld+json\" class=\"yoast-schema-graph\">{\"@context\":\"https:\\\/\\\/schema.org\",\"@graph\":[{\"@type\":\"WebPage\",\"@id\":\"https:\\\/\\\/bkiconsulting.net\\\/auditoria\\\/\",\"url\":\"https:\\\/\\\/bkiconsulting.net\\\/auditoria\\\/\",\"name\":\"Auditoria - BKI Consulting\",\"isPartOf\":{\"@id\":\"https:\\\/\\\/bkiconsulting.net\\\/#website\"},\"primaryImageOfPage\":{\"@id\":\"https:\\\/\\\/bkiconsulting.net\\\/auditoria\\\/#primaryimage\"},\"image\":{\"@id\":\"https:\\\/\\\/bkiconsulting.net\\\/auditoria\\\/#primaryimage\"},\"thumbnailUrl\":\"https:\\\/\\\/bkiconsulting.net\\\/wp-content\\\/uploads\\\/2023\\\/07\\\/business-people-holding-audit-report.jpg\",\"datePublished\":\"2023-07-12T15:10:02+00:00\",\"dateModified\":\"2023-07-20T23:37:35+00:00\",\"breadcrumb\":{\"@id\":\"https:\\\/\\\/bkiconsulting.net\\\/auditoria\\\/#breadcrumb\"},\"inLanguage\":\"eu\",\"potentialAction\":[{\"@type\":\"ReadAction\",\"target\":[\"https:\\\/\\\/bkiconsulting.net\\\/auditoria\\\/\"]}]},{\"@type\":\"ImageObject\",\"inLanguage\":\"eu\",\"@id\":\"https:\\\/\\\/bkiconsulting.net\\\/auditoria\\\/#primaryimage\",\"url\":\"https:\\\/\\\/bkiconsulting.net\\\/wp-content\\\/uploads\\\/2023\\\/07\\\/business-people-holding-audit-report.jpg\",\"contentUrl\":\"https:\\\/\\\/bkiconsulting.net\\\/wp-content\\\/uploads\\\/2023\\\/07\\\/business-people-holding-audit-report.jpg\"},{\"@type\":\"BreadcrumbList\",\"@id\":\"https:\\\/\\\/bkiconsulting.net\\\/auditoria\\\/#breadcrumb\",\"itemListElement\":[{\"@type\":\"ListItem\",\"position\":1,\"name\":\"Portada\",\"item\":\"https:\\\/\\\/bkiconsulting.net\\\/\"},{\"@type\":\"ListItem\",\"position\":2,\"name\":\"Auditoria\"}]},{\"@type\":\"WebSite\",\"@id\":\"https:\\\/\\\/bkiconsulting.net\\\/#website\",\"url\":\"https:\\\/\\\/bkiconsulting.net\\\/\",\"name\":\"BKI Consulting\",\"description\":\"Auditor\u00eda en sistemas de Gesti\u00f3n Empresarial\",\"publisher\":{\"@id\":\"https:\\\/\\\/bkiconsulting.net\\\/#organization\"},\"potentialAction\":[{\"@type\":\"SearchAction\",\"target\":{\"@type\":\"EntryPoint\",\"urlTemplate\":\"https:\\\/\\\/bkiconsulting.net\\\/?s={search_term_string}\"},\"query-input\":{\"@type\":\"PropertyValueSpecification\",\"valueRequired\":true,\"valueName\":\"search_term_string\"}}],\"inLanguage\":\"eu\"},{\"@type\":\"Organization\",\"@id\":\"https:\\\/\\\/bkiconsulting.net\\\/#organization\",\"name\":\"BKI Consulting\",\"url\":\"https:\\\/\\\/bkiconsulting.net\\\/\",\"logo\":{\"@type\":\"ImageObject\",\"inLanguage\":\"eu\",\"@id\":\"https:\\\/\\\/bkiconsulting.net\\\/#\\\/schema\\\/logo\\\/image\\\/\",\"url\":\"https:\\\/\\\/bkiconsulting.net\\\/wp-content\\\/uploads\\\/2023\\\/07\\\/cropped-Logo-BKI.jpg\",\"contentUrl\":\"https:\\\/\\\/bkiconsulting.net\\\/wp-content\\\/uploads\\\/2023\\\/07\\\/cropped-Logo-BKI.jpg\",\"width\":1125,\"height\":509,\"caption\":\"BKI Consulting\"},\"image\":{\"@id\":\"https:\\\/\\\/bkiconsulting.net\\\/#\\\/schema\\\/logo\\\/image\\\/\"}}]}<\/script>\n<!-- \/ Yoast SEO plugin. -->","yoast_head_json":{"title":"Auditoria - BKI Consulting","robots":{"index":"index","follow":"follow","max-snippet":"max-snippet:-1","max-image-preview":"max-image-preview:large","max-video-preview":"max-video-preview:-1"},"canonical":"https:\/\/bkiconsulting.net\/eu\/auditoria\/","og_locale":"en_US","og_type":"article","og_title":"Auditoria - BKI Consulting","og_description":"Auditoria La auditor\u00eda del Sistema de Gesti\u00f3n es una herramienta para la mejora continua, ya que se centra en la evaluaci\u00f3n del cumplimiento. Permite garantizar la concordancia del Sistema con las pol\u00edticas, directrices y resultados previstos en la organizaci\u00f3n. Una\u00a0auditor\u00eda del Sistema de Gesti\u00f3n\u00a0eval\u00faa, mediante pruebas objetivas, las metodolog\u00edas y resultados para determinar su conformidad [&hellip;]","og_url":"https:\/\/bkiconsulting.net\/eu\/auditoria\/","og_site_name":"BKI Consulting","article_modified_time":"2023-07-20T23:37:35+00:00","og_image":[{"url":"https:\/\/bkiconsulting.net\/wp-content\/uploads\/2023\/07\/business-people-holding-audit-report.jpg","type":"","width":"","height":""}],"twitter_card":"summary_large_image","twitter_misc":{"Est. reading time":"1 minutua"},"schema":{"@context":"https:\/\/schema.org","@graph":[{"@type":"WebPage","@id":"https:\/\/bkiconsulting.net\/auditoria\/","url":"https:\/\/bkiconsulting.net\/auditoria\/","name":"Auditoria - BKI Consulting","isPartOf":{"@id":"https:\/\/bkiconsulting.net\/#website"},"primaryImageOfPage":{"@id":"https:\/\/bkiconsulting.net\/auditoria\/#primaryimage"},"image":{"@id":"https:\/\/bkiconsulting.net\/auditoria\/#primaryimage"},"thumbnailUrl":"https:\/\/bkiconsulting.net\/wp-content\/uploads\/2023\/07\/business-people-holding-audit-report.jpg","datePublished":"2023-07-12T15:10:02+00:00","dateModified":"2023-07-20T23:37:35+00:00","breadcrumb":{"@id":"https:\/\/bkiconsulting.net\/auditoria\/#breadcrumb"},"inLanguage":"eu","potentialAction":[{"@type":"ReadAction","target":["https:\/\/bkiconsulting.net\/auditoria\/"]}]},{"@type":"ImageObject","inLanguage":"eu","@id":"https:\/\/bkiconsulting.net\/auditoria\/#primaryimage","url":"https:\/\/bkiconsulting.net\/wp-content\/uploads\/2023\/07\/business-people-holding-audit-report.jpg","contentUrl":"https:\/\/bkiconsulting.net\/wp-content\/uploads\/2023\/07\/business-people-holding-audit-report.jpg"},{"@type":"BreadcrumbList","@id":"https:\/\/bkiconsulting.net\/auditoria\/#breadcrumb","itemListElement":[{"@type":"ListItem","position":1,"name":"Portada","item":"https:\/\/bkiconsulting.net\/"},{"@type":"ListItem","position":2,"name":"Auditoria"}]},{"@type":"WebSite","@id":"https:\/\/bkiconsulting.net\/#website","url":"https:\/\/bkiconsulting.net\/","name":"BKI Consulting","description":"Auditor\u00eda en sistemas de Gesti\u00f3n Empresarial","publisher":{"@id":"https:\/\/bkiconsulting.net\/#organization"},"potentialAction":[{"@type":"SearchAction","target":{"@type":"EntryPoint","urlTemplate":"https:\/\/bkiconsulting.net\/?s={search_term_string}"},"query-input":{"@type":"PropertyValueSpecification","valueRequired":true,"valueName":"search_term_string"}}],"inLanguage":"eu"},{"@type":"Organization","@id":"https:\/\/bkiconsulting.net\/#organization","name":"BKI Consulting","url":"https:\/\/bkiconsulting.net\/","logo":{"@type":"ImageObject","inLanguage":"eu","@id":"https:\/\/bkiconsulting.net\/#\/schema\/logo\/image\/","url":"https:\/\/bkiconsulting.net\/wp-content\/uploads\/2023\/07\/cropped-Logo-BKI.jpg","contentUrl":"https:\/\/bkiconsulting.net\/wp-content\/uploads\/2023\/07\/cropped-Logo-BKI.jpg","width":1125,"height":509,"caption":"BKI Consulting"},"image":{"@id":"https:\/\/bkiconsulting.net\/#\/schema\/logo\/image\/"}}]}},"_links":{"self":[{"href":"https:\/\/bkiconsulting.net\/eu\/wp-json\/wp\/v2\/pages\/26","targetHints":{"allow":["GET"]}}],"collection":[{"href":"https:\/\/bkiconsulting.net\/eu\/wp-json\/wp\/v2\/pages"}],"about":[{"href":"https:\/\/bkiconsulting.net\/eu\/wp-json\/wp\/v2\/types\/page"}],"author":[{"embeddable":true,"href":"https:\/\/bkiconsulting.net\/eu\/wp-json\/wp\/v2\/users\/1"}],"replies":[{"embeddable":true,"href":"https:\/\/bkiconsulting.net\/eu\/wp-json\/wp\/v2\/comments?post=26"}],"version-history":[{"count":118,"href":"https:\/\/bkiconsulting.net\/eu\/wp-json\/wp\/v2\/pages\/26\/revisions"}],"predecessor-version":[{"id":676,"href":"https:\/\/bkiconsulting.net\/eu\/wp-json\/wp\/v2\/pages\/26\/revisions\/676"}],"wp:attachment":[{"href":"https:\/\/bkiconsulting.net\/eu\/wp-json\/wp\/v2\/media?parent=26"}],"curies":[{"name":"wp","href":"https:\/\/api.w.org\/{rel}","templated":true}]}}