{"id":24,"date":"2023-07-12T14:52:39","date_gmt":"2023-07-12T14:52:39","guid":{"rendered":"https:\/\/web4.rkinformatika.net\/bkiconsulting\/?page_id=24"},"modified":"2023-07-20T23:37:24","modified_gmt":"2023-07-20T23:37:24","slug":"formacion","status":"publish","type":"page","link":"https:\/\/bkiconsulting.net\/eu\/formacion\/","title":{"rendered":"Formazioa"},"content":{"rendered":"<div data-elementor-type=\"wp-page\" data-elementor-id=\"24\" class=\"elementor elementor-24\" data-elementor-post-type=\"page\">\n\t\t\t\t\t\t<section class=\"elementor-section elementor-top-section elementor-element elementor-element-240584f elementor-section-boxed elementor-section-height-default elementor-section-height-default\" data-id=\"240584f\" data-element_type=\"section\" data-e-type=\"section\" data-settings=\"{&quot;background_background&quot;:&quot;classic&quot;}\">\n\t\t\t\t\t\t\t<div class=\"elementor-background-overlay\"><\/div>\n\t\t\t\t\t\t\t<div class=\"elementor-container elementor-column-gap-default\">\n\t\t\t\t\t<div class=\"elementor-column elementor-col-100 elementor-top-column elementor-element elementor-element-d5b9834\" data-id=\"d5b9834\" data-element_type=\"column\" data-e-type=\"column\">\n\t\t\t<div class=\"elementor-widget-wrap\">\n\t\t\t\t\t\t\t<\/div>\n\t\t<\/div>\n\t\t\t\t\t<\/div>\n\t\t<\/section>\n\t\t\t\t<section class=\"elementor-section elementor-top-section elementor-element elementor-element-e7a8db9 elementor-section-boxed elementor-section-height-default elementor-section-height-default\" data-id=\"e7a8db9\" data-element_type=\"section\" data-e-type=\"section\">\n\t\t\t\t\t\t<div class=\"elementor-container elementor-column-gap-no\">\n\t\t\t\t\t<div class=\"elementor-column elementor-col-100 elementor-top-column elementor-element elementor-element-e5cf149\" data-id=\"e5cf149\" data-element_type=\"column\" data-e-type=\"column\">\n\t\t\t<div class=\"elementor-widget-wrap elementor-element-populated\">\n\t\t\t\t\t\t<div class=\"elementor-element elementor-element-5d06e2b elementor-invisible elementor-widget elementor-widget-heading\" data-id=\"5d06e2b\" data-element_type=\"widget\" data-e-type=\"widget\" data-settings=\"{&quot;_animation&quot;:&quot;fadeInDown&quot;}\" data-widget_type=\"heading.default\">\n\t\t\t\t<div class=\"elementor-widget-container\">\n\t\t\t\t\t<h2 class=\"elementor-heading-title elementor-size-default\">Formazioa<\/h2>\t\t\t\t<\/div>\n\t\t\t\t<\/div>\n\t\t\t\t<div class=\"elementor-element elementor-element-1f2d0d4 elementor-widget elementor-widget-image\" data-id=\"1f2d0d4\" data-element_type=\"widget\" data-e-type=\"widget\" data-widget_type=\"image.default\">\n\t\t\t\t<div class=\"elementor-widget-container\">\n\t\t\t\t\t\t\t\t\t\t\t\t\t\t\t<img fetchpriority=\"high\" decoding=\"async\" width=\"2000\" height=\"1333\" src=\"https:\/\/bkiconsulting.net\/wp-content\/uploads\/2023\/07\/business-training.jpg\" class=\"attachment-full size-full wp-image-586\" alt=\"Business training\" srcset=\"https:\/\/bkiconsulting.net\/wp-content\/uploads\/2023\/07\/business-training.jpg 2000w, https:\/\/bkiconsulting.net\/wp-content\/uploads\/2023\/07\/business-training-300x200.jpg 300w, https:\/\/bkiconsulting.net\/wp-content\/uploads\/2023\/07\/business-training-1024x682.jpg 1024w, https:\/\/bkiconsulting.net\/wp-content\/uploads\/2023\/07\/business-training-768x512.jpg 768w, https:\/\/bkiconsulting.net\/wp-content\/uploads\/2023\/07\/business-training-1536x1024.jpg 1536w, https:\/\/bkiconsulting.net\/wp-content\/uploads\/2023\/07\/business-training-600x400.jpg 600w\" sizes=\"(max-width: 2000px) 100vw, 2000px\" \/>\t\t\t\t\t\t\t\t\t\t\t\t\t\t\t<\/div>\n\t\t\t\t<\/div>\n\t\t\t\t<div class=\"elementor-element elementor-element-54649c2 elementor-widget elementor-widget-text-editor\" data-id=\"54649c2\" data-element_type=\"widget\" data-e-type=\"widget\" data-widget_type=\"text-editor.default\">\n\t\t\t\t<div class=\"elementor-widget-container\">\n\t\t\t\t\t\t\t\t\t<p>La <strong>inversi\u00f3n<\/strong> en formaci\u00f3n es una herramienta estrat\u00e9gica para las empresas y para los empleados, por lo que los recursos econ\u00f3micos destinados a la formaci\u00f3n debieran dejar de ser considerados como un gasto, pues la formaci\u00f3n repercute en el capital humano mediante un incremento de la productividad de los empleados y generando un mayor y mejor rendimiento para la empresa.<\/p><p>Para los <strong>trabajadores<\/strong>, la inversi\u00f3n en formaci\u00f3n incrementar\u00e1 sus oportunidades de empleo y la consecuci\u00f3n de un mayor reconocimiento. Adem\u00e1s, la formaci\u00f3n fortalece los v\u00ednculos con el empleo ya que cuanto mayor es la formaci\u00f3n recibida, se est\u00e1 en mejores condiciones para mantener un puesto de trabajo o acceder a otro diferente.<\/p><p>Para la <strong>empresa<\/strong>, la formaci\u00f3n incrementa la productividad y el potencial de los trabajadores, aumenta su motivaci\u00f3n, generando mayor confianza en la propia organizaci\u00f3n, suscita un sentimiento de adhesi\u00f3n y pertenencia a la empresa, disminuye la sensaci\u00f3n de estancamiento profesional y aumenta los periodos de permanencia en la empresa.<\/p>\t\t\t\t\t\t\t\t<\/div>\n\t\t\t\t<\/div>\n\t\t\t\t<div class=\"elementor-element elementor-element-b3b0375 elementor-widget elementor-widget-heading\" data-id=\"b3b0375\" data-element_type=\"widget\" data-e-type=\"widget\" data-widget_type=\"heading.default\">\n\t\t\t\t<div class=\"elementor-widget-container\">\n\t\t\t\t\t<h2 class=\"elementor-heading-title elementor-size-default\">Dirigido a las personas y a las empresas:<\/h2>\t\t\t\t<\/div>\n\t\t\t\t<\/div>\n\t\t\t\t<section class=\"elementor-section elementor-inner-section elementor-element elementor-element-5ea6262 elementor-section-boxed elementor-section-height-default elementor-section-height-default\" data-id=\"5ea6262\" data-element_type=\"section\" data-e-type=\"section\">\n\t\t\t\t\t\t<div class=\"elementor-container elementor-column-gap-no\">\n\t\t\t\t\t<div class=\"elementor-column elementor-col-50 elementor-inner-column elementor-element elementor-element-fd2ba7e\" data-id=\"fd2ba7e\" data-element_type=\"column\" data-e-type=\"column\" data-settings=\"{&quot;background_background&quot;:&quot;classic&quot;}\">\n\t\t\t<div class=\"elementor-widget-wrap elementor-element-populated\">\n\t\t\t\t\t\t<div class=\"elementor-element elementor-element-45cc61c elementor-widget elementor-widget-heading\" data-id=\"45cc61c\" data-element_type=\"widget\" data-e-type=\"widget\" data-widget_type=\"heading.default\">\n\t\t\t\t<div class=\"elementor-widget-container\">\n\t\t\t\t\t<h2 class=\"elementor-heading-title elementor-size-default\">Impartimos FORMACION PRESENCIAL:<\/h2>\t\t\t\t<\/div>\n\t\t\t\t<\/div>\n\t\t\t\t<div class=\"elementor-element elementor-element-0e91ef6 elementor-widget elementor-widget-text-editor\" data-id=\"0e91ef6\" data-element_type=\"widget\" data-e-type=\"widget\" data-widget_type=\"text-editor.default\">\n\t\t\t\t<div class=\"elementor-widget-container\">\n\t\t\t\t\t\t\t\t\t<p><br \/>&#8211; Sistemas de Gesti\u00f3n de la Calidad ISO 9001<br \/>&#8211; Calidad en Automoci\u00f3n IATF 16949<br \/>&#8211; T\u00e9cnicas de Auditor\u00eda.<br \/>&#8211; Calibraci\u00f3n y Verificaci\u00f3n de Equipos de Medida.<br \/>&#8211; Control Estad\u00edstico de Procesos.<br \/>&#8211; Gesti\u00f3n por Procesos.<br \/>&#8211; 5S<br \/>&#8211; Protecci\u00f3n de Datos Personales.<br \/>&#8211; Sistemas para la Gesti\u00f3n de la Seguridad y Salud Laboral ISO 45001<br \/>&#8211; Curso B\u00e1sico de Prevenci\u00f3n de Riesgos Laborales.<br \/>&#8211; PRL en construcci\u00f3n.<br \/>&#8211; PRL en el Sector Metal.<\/p>\t\t\t\t\t\t\t\t<\/div>\n\t\t\t\t<\/div>\n\t\t\t\t\t<\/div>\n\t\t<\/div>\n\t\t\t\t<div class=\"elementor-column elementor-col-50 elementor-inner-column elementor-element elementor-element-f6c5517\" data-id=\"f6c5517\" data-element_type=\"column\" data-e-type=\"column\" data-settings=\"{&quot;background_background&quot;:&quot;classic&quot;}\">\n\t\t\t<div class=\"elementor-widget-wrap elementor-element-populated\">\n\t\t\t\t\t\t<div class=\"elementor-element elementor-element-43de277 elementor-widget elementor-widget-heading\" data-id=\"43de277\" data-element_type=\"widget\" data-e-type=\"widget\" data-widget_type=\"heading.default\">\n\t\t\t\t<div class=\"elementor-widget-container\">\n\t\t\t\t\t<h2 class=\"elementor-heading-title elementor-size-default\">Tutorizamos FORMACION ON LINE en las \u00e1reas de:<\/h2>\t\t\t\t<\/div>\n\t\t\t\t<\/div>\n\t\t\t\t<div class=\"elementor-element elementor-element-22ecd32 elementor-widget elementor-widget-text-editor\" data-id=\"22ecd32\" data-element_type=\"widget\" data-e-type=\"widget\" data-widget_type=\"text-editor.default\">\n\t\t\t\t<div class=\"elementor-widget-container\">\n\t\t\t\t\t\t\t\t\t<p>&#8211; Calidad.<br \/>&#8211; Seguridad y Salud Laboral.<br \/>&#8211; Protecci\u00f3n de datos.<br \/>&#8211; Gesti\u00f3n Empresarial.<\/p>\t\t\t\t\t\t\t\t<\/div>\n\t\t\t\t<\/div>\n\t\t\t\t\t<\/div>\n\t\t<\/div>\n\t\t\t\t\t<\/div>\n\t\t<\/section>\n\t\t\t\t<div class=\"elementor-element elementor-element-97e4d60 elementor-invisible elementor-widget elementor-widget-heading\" data-id=\"97e4d60\" data-element_type=\"widget\" data-e-type=\"widget\" data-settings=\"{&quot;_animation&quot;:&quot;fadeInDown&quot;}\" data-widget_type=\"heading.default\">\n\t\t\t\t<div class=\"elementor-widget-container\">\n\t\t\t\t\t<h2 class=\"elementor-heading-title elementor-size-default\">M\u00e1s de 25 a\u00f1os impartiendo formaci\u00f3n: garantizan Profesionalidad y Consecuci\u00f3n de Resultados.<\/h2>\t\t\t\t<\/div>\n\t\t\t\t<\/div>\n\t\t\t\t\t<\/div>\n\t\t<\/div>\n\t\t\t\t\t<\/div>\n\t\t<\/section>\n\t\t\t\t<section class=\"elementor-section elementor-top-section elementor-element elementor-element-08010c9 elementor-section-boxed elementor-section-height-default elementor-section-height-default\" data-id=\"08010c9\" data-element_type=\"section\" data-e-type=\"section\" data-settings=\"{&quot;background_background&quot;:&quot;classic&quot;}\">\n\t\t\t\t\t\t\t<div class=\"elementor-background-overlay\"><\/div>\n\t\t\t\t\t\t\t<div class=\"elementor-container elementor-column-gap-no\">\n\t\t\t\t\t<div class=\"elementor-column elementor-col-50 elementor-top-column elementor-element elementor-element-6b4e042 elementor-invisible\" data-id=\"6b4e042\" data-element_type=\"column\" data-e-type=\"column\" data-settings=\"{&quot;animation&quot;:&quot;fadeIn&quot;,&quot;animation_delay&quot;:100}\">\n\t\t\t<div class=\"elementor-widget-wrap elementor-element-populated\">\n\t\t\t\t\t\t<div class=\"elementor-element elementor-element-3704d0a elementor-widget elementor-widget-heading\" data-id=\"3704d0a\" data-element_type=\"widget\" data-e-type=\"widget\" data-widget_type=\"heading.default\">\n\t\t\t\t<div class=\"elementor-widget-container\">\n\t\t\t\t\t<h2 class=\"elementor-heading-title elementor-size-default\">Estaremos encantados de atenderte<\/h2>\t\t\t\t<\/div>\n\t\t\t\t<\/div>\n\t\t\t\t\t<\/div>\n\t\t<\/div>\n\t\t\t\t<div class=\"elementor-column elementor-col-50 elementor-top-column elementor-element elementor-element-e98ee16 elementor-invisible\" data-id=\"e98ee16\" data-element_type=\"column\" data-e-type=\"column\" data-settings=\"{&quot;background_background&quot;:&quot;classic&quot;,&quot;animation&quot;:&quot;fadeIn&quot;,&quot;animation_delay&quot;:200}\">\n\t\t\t<div class=\"elementor-widget-wrap elementor-element-populated\">\n\t\t\t\t\t\t<div class=\"elementor-element elementor-element-2e481fe elementor-widget__width-initial elementor-widget elementor-widget-button\" data-id=\"2e481fe\" data-element_type=\"widget\" data-e-type=\"widget\" data-widget_type=\"button.default\">\n\t\t\t\t<div class=\"elementor-widget-container\">\n\t\t\t\t\t\t\t\t\t<div class=\"elementor-button-wrapper\">\n\t\t\t\t\t<a class=\"elementor-button elementor-button-link elementor-size-sm\" href=\"https:\/\/bkiconsulting.net\/eu\/contacto\/\">\n\t\t\t\t\t\t<span class=\"elementor-button-content-wrapper\">\n\t\t\t\t\t\t\t\t\t<span class=\"elementor-button-text\">Jarri gurekin harreman<\/span>\n\t\t\t\t\t<\/span>\n\t\t\t\t\t<\/a>\n\t\t\t\t<\/div>\n\t\t\t\t\t\t\t\t<\/div>\n\t\t\t\t<\/div>\n\t\t\t\t\t<\/div>\n\t\t<\/div>\n\t\t\t\t\t<\/div>\n\t\t<\/section>\n\t\t\t\t<\/div>","protected":false},"excerpt":{"rendered":"<p>Formaci\u00f3n La inversi\u00f3n en formaci\u00f3n es una herramienta estrat\u00e9gica para las empresas y para los empleados, por lo que los recursos econ\u00f3micos destinados a la formaci\u00f3n debieran dejar de ser considerados como un gasto, pues la formaci\u00f3n repercute en el capital humano mediante un incremento de la productividad de los empleados y generando un mayor [&hellip;]<\/p>\n","protected":false},"author":1,"featured_media":0,"parent":0,"menu_order":0,"comment_status":"closed","ping_status":"closed","template":"elementor_canvas","meta":{"footnotes":""},"class_list":["post-24","page","type-page","status-publish","hentry"],"yoast_head":"<!-- This site is optimized with the Yoast SEO plugin v27.5 - https:\/\/yoast.com\/product\/yoast-seo-wordpress\/ -->\n<title>Formaci\u00f3n - BKI Consulting<\/title>\n<meta name=\"robots\" content=\"index, follow, max-snippet:-1, max-image-preview:large, max-video-preview:-1\" \/>\n<link rel=\"canonical\" href=\"https:\/\/bkiconsulting.net\/eu\/formacion\/\" \/>\n<meta property=\"og:locale\" content=\"en_US\" \/>\n<meta property=\"og:type\" content=\"article\" \/>\n<meta property=\"og:title\" content=\"Formaci\u00f3n - BKI Consulting\" \/>\n<meta property=\"og:description\" content=\"Formaci\u00f3n La inversi\u00f3n en formaci\u00f3n es una herramienta estrat\u00e9gica para las empresas y para los empleados, por lo que los recursos econ\u00f3micos destinados a la formaci\u00f3n debieran dejar de ser considerados como un gasto, pues la formaci\u00f3n repercute en el capital humano mediante un incremento de la productividad de los empleados y generando un mayor [&hellip;]\" \/>\n<meta property=\"og:url\" content=\"https:\/\/bkiconsulting.net\/eu\/formacion\/\" \/>\n<meta property=\"og:site_name\" content=\"BKI Consulting\" \/>\n<meta property=\"article:modified_time\" content=\"2023-07-20T23:37:24+00:00\" \/>\n<meta property=\"og:image\" content=\"https:\/\/bkiconsulting.net\/wp-content\/uploads\/2023\/07\/business-training.jpg\" \/>\n<meta name=\"twitter:card\" content=\"summary_large_image\" \/>\n<meta name=\"twitter:label1\" content=\"Est. reading time\" \/>\n\t<meta name=\"twitter:data1\" content=\"2 minutua\" \/>\n<script type=\"application\/ld+json\" class=\"yoast-schema-graph\">{\"@context\":\"https:\\\/\\\/schema.org\",\"@graph\":[{\"@type\":\"WebPage\",\"@id\":\"https:\\\/\\\/bkiconsulting.net\\\/formacion\\\/\",\"url\":\"https:\\\/\\\/bkiconsulting.net\\\/formacion\\\/\",\"name\":\"Formaci\u00f3n - BKI Consulting\",\"isPartOf\":{\"@id\":\"https:\\\/\\\/bkiconsulting.net\\\/#website\"},\"primaryImageOfPage\":{\"@id\":\"https:\\\/\\\/bkiconsulting.net\\\/formacion\\\/#primaryimage\"},\"image\":{\"@id\":\"https:\\\/\\\/bkiconsulting.net\\\/formacion\\\/#primaryimage\"},\"thumbnailUrl\":\"https:\\\/\\\/bkiconsulting.net\\\/wp-content\\\/uploads\\\/2023\\\/07\\\/business-training.jpg\",\"datePublished\":\"2023-07-12T14:52:39+00:00\",\"dateModified\":\"2023-07-20T23:37:24+00:00\",\"breadcrumb\":{\"@id\":\"https:\\\/\\\/bkiconsulting.net\\\/formacion\\\/#breadcrumb\"},\"inLanguage\":\"eu\",\"potentialAction\":[{\"@type\":\"ReadAction\",\"target\":[\"https:\\\/\\\/bkiconsulting.net\\\/formacion\\\/\"]}]},{\"@type\":\"ImageObject\",\"inLanguage\":\"eu\",\"@id\":\"https:\\\/\\\/bkiconsulting.net\\\/formacion\\\/#primaryimage\",\"url\":\"https:\\\/\\\/bkiconsulting.net\\\/wp-content\\\/uploads\\\/2023\\\/07\\\/business-training.jpg\",\"contentUrl\":\"https:\\\/\\\/bkiconsulting.net\\\/wp-content\\\/uploads\\\/2023\\\/07\\\/business-training.jpg\"},{\"@type\":\"BreadcrumbList\",\"@id\":\"https:\\\/\\\/bkiconsulting.net\\\/formacion\\\/#breadcrumb\",\"itemListElement\":[{\"@type\":\"ListItem\",\"position\":1,\"name\":\"Portada\",\"item\":\"https:\\\/\\\/bkiconsulting.net\\\/\"},{\"@type\":\"ListItem\",\"position\":2,\"name\":\"Formaci\u00f3n\"}]},{\"@type\":\"WebSite\",\"@id\":\"https:\\\/\\\/bkiconsulting.net\\\/#website\",\"url\":\"https:\\\/\\\/bkiconsulting.net\\\/\",\"name\":\"BKI Consulting\",\"description\":\"Auditor\u00eda en sistemas de Gesti\u00f3n Empresarial\",\"publisher\":{\"@id\":\"https:\\\/\\\/bkiconsulting.net\\\/#organization\"},\"potentialAction\":[{\"@type\":\"SearchAction\",\"target\":{\"@type\":\"EntryPoint\",\"urlTemplate\":\"https:\\\/\\\/bkiconsulting.net\\\/?s={search_term_string}\"},\"query-input\":{\"@type\":\"PropertyValueSpecification\",\"valueRequired\":true,\"valueName\":\"search_term_string\"}}],\"inLanguage\":\"eu\"},{\"@type\":\"Organization\",\"@id\":\"https:\\\/\\\/bkiconsulting.net\\\/#organization\",\"name\":\"BKI Consulting\",\"url\":\"https:\\\/\\\/bkiconsulting.net\\\/\",\"logo\":{\"@type\":\"ImageObject\",\"inLanguage\":\"eu\",\"@id\":\"https:\\\/\\\/bkiconsulting.net\\\/#\\\/schema\\\/logo\\\/image\\\/\",\"url\":\"https:\\\/\\\/bkiconsulting.net\\\/wp-content\\\/uploads\\\/2023\\\/07\\\/cropped-Logo-BKI.jpg\",\"contentUrl\":\"https:\\\/\\\/bkiconsulting.net\\\/wp-content\\\/uploads\\\/2023\\\/07\\\/cropped-Logo-BKI.jpg\",\"width\":1125,\"height\":509,\"caption\":\"BKI Consulting\"},\"image\":{\"@id\":\"https:\\\/\\\/bkiconsulting.net\\\/#\\\/schema\\\/logo\\\/image\\\/\"}}]}<\/script>\n<!-- \/ Yoast SEO plugin. -->","yoast_head_json":{"title":"Formaci\u00f3n - BKI Consulting","robots":{"index":"index","follow":"follow","max-snippet":"max-snippet:-1","max-image-preview":"max-image-preview:large","max-video-preview":"max-video-preview:-1"},"canonical":"https:\/\/bkiconsulting.net\/eu\/formacion\/","og_locale":"en_US","og_type":"article","og_title":"Formaci\u00f3n - BKI Consulting","og_description":"Formaci\u00f3n La inversi\u00f3n en formaci\u00f3n es una herramienta estrat\u00e9gica para las empresas y para los empleados, por lo que los recursos econ\u00f3micos destinados a la formaci\u00f3n debieran dejar de ser considerados como un gasto, pues la formaci\u00f3n repercute en el capital humano mediante un incremento de la productividad de los empleados y generando un mayor [&hellip;]","og_url":"https:\/\/bkiconsulting.net\/eu\/formacion\/","og_site_name":"BKI Consulting","article_modified_time":"2023-07-20T23:37:24+00:00","og_image":[{"url":"https:\/\/bkiconsulting.net\/wp-content\/uploads\/2023\/07\/business-training.jpg","type":"","width":"","height":""}],"twitter_card":"summary_large_image","twitter_misc":{"Est. reading time":"2 minutua"},"schema":{"@context":"https:\/\/schema.org","@graph":[{"@type":"WebPage","@id":"https:\/\/bkiconsulting.net\/formacion\/","url":"https:\/\/bkiconsulting.net\/formacion\/","name":"Formaci\u00f3n - BKI Consulting","isPartOf":{"@id":"https:\/\/bkiconsulting.net\/#website"},"primaryImageOfPage":{"@id":"https:\/\/bkiconsulting.net\/formacion\/#primaryimage"},"image":{"@id":"https:\/\/bkiconsulting.net\/formacion\/#primaryimage"},"thumbnailUrl":"https:\/\/bkiconsulting.net\/wp-content\/uploads\/2023\/07\/business-training.jpg","datePublished":"2023-07-12T14:52:39+00:00","dateModified":"2023-07-20T23:37:24+00:00","breadcrumb":{"@id":"https:\/\/bkiconsulting.net\/formacion\/#breadcrumb"},"inLanguage":"eu","potentialAction":[{"@type":"ReadAction","target":["https:\/\/bkiconsulting.net\/formacion\/"]}]},{"@type":"ImageObject","inLanguage":"eu","@id":"https:\/\/bkiconsulting.net\/formacion\/#primaryimage","url":"https:\/\/bkiconsulting.net\/wp-content\/uploads\/2023\/07\/business-training.jpg","contentUrl":"https:\/\/bkiconsulting.net\/wp-content\/uploads\/2023\/07\/business-training.jpg"},{"@type":"BreadcrumbList","@id":"https:\/\/bkiconsulting.net\/formacion\/#breadcrumb","itemListElement":[{"@type":"ListItem","position":1,"name":"Portada","item":"https:\/\/bkiconsulting.net\/"},{"@type":"ListItem","position":2,"name":"Formaci\u00f3n"}]},{"@type":"WebSite","@id":"https:\/\/bkiconsulting.net\/#website","url":"https:\/\/bkiconsulting.net\/","name":"BKI Consulting","description":"Auditor\u00eda en sistemas de Gesti\u00f3n Empresarial","publisher":{"@id":"https:\/\/bkiconsulting.net\/#organization"},"potentialAction":[{"@type":"SearchAction","target":{"@type":"EntryPoint","urlTemplate":"https:\/\/bkiconsulting.net\/?s={search_term_string}"},"query-input":{"@type":"PropertyValueSpecification","valueRequired":true,"valueName":"search_term_string"}}],"inLanguage":"eu"},{"@type":"Organization","@id":"https:\/\/bkiconsulting.net\/#organization","name":"BKI Consulting","url":"https:\/\/bkiconsulting.net\/","logo":{"@type":"ImageObject","inLanguage":"eu","@id":"https:\/\/bkiconsulting.net\/#\/schema\/logo\/image\/","url":"https:\/\/bkiconsulting.net\/wp-content\/uploads\/2023\/07\/cropped-Logo-BKI.jpg","contentUrl":"https:\/\/bkiconsulting.net\/wp-content\/uploads\/2023\/07\/cropped-Logo-BKI.jpg","width":1125,"height":509,"caption":"BKI Consulting"},"image":{"@id":"https:\/\/bkiconsulting.net\/#\/schema\/logo\/image\/"}}]}},"_links":{"self":[{"href":"https:\/\/bkiconsulting.net\/eu\/wp-json\/wp\/v2\/pages\/24","targetHints":{"allow":["GET"]}}],"collection":[{"href":"https:\/\/bkiconsulting.net\/eu\/wp-json\/wp\/v2\/pages"}],"about":[{"href":"https:\/\/bkiconsulting.net\/eu\/wp-json\/wp\/v2\/types\/page"}],"author":[{"embeddable":true,"href":"https:\/\/bkiconsulting.net\/eu\/wp-json\/wp\/v2\/users\/1"}],"replies":[{"embeddable":true,"href":"https:\/\/bkiconsulting.net\/eu\/wp-json\/wp\/v2\/comments?post=24"}],"version-history":[{"count":37,"href":"https:\/\/bkiconsulting.net\/eu\/wp-json\/wp\/v2\/pages\/24\/revisions"}],"predecessor-version":[{"id":673,"href":"https:\/\/bkiconsulting.net\/eu\/wp-json\/wp\/v2\/pages\/24\/revisions\/673"}],"wp:attachment":[{"href":"https:\/\/bkiconsulting.net\/eu\/wp-json\/wp\/v2\/media?parent=24"}],"curies":[{"name":"wp","href":"https:\/\/api.w.org\/{rel}","templated":true}]}}