{"id":22,"date":"2023-07-12T14:52:08","date_gmt":"2023-07-12T14:52:08","guid":{"rendered":"https:\/\/web4.rkinformatika.net\/bkiconsulting\/?page_id=22"},"modified":"2023-07-20T23:52:39","modified_gmt":"2023-07-20T23:52:39","slug":"consultoria","status":"publish","type":"page","link":"https:\/\/bkiconsulting.net\/eu\/consultoria\/","title":{"rendered":"Aholkularitza"},"content":{"rendered":"<div data-elementor-type=\"wp-page\" data-elementor-id=\"22\" class=\"elementor elementor-22\" data-elementor-post-type=\"page\">\n\t\t\t\t\t\t<section class=\"elementor-section elementor-top-section elementor-element elementor-element-c905a8e elementor-section-boxed elementor-section-height-default elementor-section-height-default\" data-id=\"c905a8e\" data-element_type=\"section\" data-e-type=\"section\" data-settings=\"{&quot;background_background&quot;:&quot;classic&quot;}\">\n\t\t\t\t\t\t\t<div class=\"elementor-background-overlay\"><\/div>\n\t\t\t\t\t\t\t<div class=\"elementor-container elementor-column-gap-default\">\n\t\t\t\t\t<div class=\"elementor-column elementor-col-100 elementor-top-column elementor-element elementor-element-d7a8a7b\" data-id=\"d7a8a7b\" data-element_type=\"column\" data-e-type=\"column\">\n\t\t\t<div class=\"elementor-widget-wrap\">\n\t\t\t\t\t\t\t<\/div>\n\t\t<\/div>\n\t\t\t\t\t<\/div>\n\t\t<\/section>\n\t\t\t\t<section class=\"elementor-section elementor-top-section elementor-element elementor-element-a4914b1 elementor-section-boxed elementor-section-height-default elementor-section-height-default\" data-id=\"a4914b1\" data-element_type=\"section\" data-e-type=\"section\">\n\t\t\t\t\t\t<div class=\"elementor-container elementor-column-gap-no\">\n\t\t\t\t\t<div class=\"elementor-column elementor-col-100 elementor-top-column elementor-element elementor-element-1ed4ae5\" data-id=\"1ed4ae5\" data-element_type=\"column\" data-e-type=\"column\">\n\t\t\t<div class=\"elementor-widget-wrap elementor-element-populated\">\n\t\t\t\t\t\t<div class=\"elementor-element elementor-element-cceb68e elementor-invisible elementor-widget elementor-widget-heading\" data-id=\"cceb68e\" data-element_type=\"widget\" data-e-type=\"widget\" data-settings=\"{&quot;_animation&quot;:&quot;fadeInDown&quot;}\" data-widget_type=\"heading.default\">\n\t\t\t\t<div class=\"elementor-widget-container\">\n\t\t\t\t\t<h2 class=\"elementor-heading-title elementor-size-default\">Aholkularitza<\/h2>\t\t\t\t<\/div>\n\t\t\t\t<\/div>\n\t\t\t\t<div class=\"elementor-element elementor-element-00feeba elementor-widget elementor-widget-image\" data-id=\"00feeba\" data-element_type=\"widget\" data-e-type=\"widget\" data-widget_type=\"image.default\">\n\t\t\t\t<div class=\"elementor-widget-container\">\n\t\t\t\t\t\t\t\t\t\t\t\t\t\t\t<img fetchpriority=\"high\" decoding=\"async\" width=\"1200\" height=\"800\" src=\"https:\/\/bkiconsulting.net\/wp-content\/uploads\/2023\/07\/blog4.jpg\" class=\"attachment-full size-full wp-image-499\" alt=\"\" srcset=\"https:\/\/bkiconsulting.net\/wp-content\/uploads\/2023\/07\/blog4.jpg 1200w, https:\/\/bkiconsulting.net\/wp-content\/uploads\/2023\/07\/blog4-300x200.jpg 300w, https:\/\/bkiconsulting.net\/wp-content\/uploads\/2023\/07\/blog4-1024x683.jpg 1024w, https:\/\/bkiconsulting.net\/wp-content\/uploads\/2023\/07\/blog4-768x512.jpg 768w, https:\/\/bkiconsulting.net\/wp-content\/uploads\/2023\/07\/blog4-600x400.jpg 600w\" sizes=\"(max-width: 1200px) 100vw, 1200px\" \/>\t\t\t\t\t\t\t\t\t\t\t\t\t\t\t<\/div>\n\t\t\t\t<\/div>\n\t\t\t\t<div class=\"elementor-element elementor-element-cc377c0 elementor-widget elementor-widget-text-editor\" data-id=\"cc377c0\" data-element_type=\"widget\" data-e-type=\"widget\" data-widget_type=\"text-editor.default\">\n\t\t\t\t<div class=\"elementor-widget-container\">\n\t\t\t\t\t\t\t\t\t<h2><strong>Somos expertos en dos \u00e1mbitos de trabajo:<\/strong><\/h2><ul><li>Gesti\u00f3n Empresarial.<\/li><li>Seguridad y Salud en el Trabajo.<\/li><\/ul>\t\t\t\t\t\t\t\t<\/div>\n\t\t\t\t<\/div>\n\t\t\t\t<section class=\"elementor-section elementor-inner-section elementor-element elementor-element-0bf17f8 elementor-section-boxed elementor-section-height-default elementor-section-height-default\" data-id=\"0bf17f8\" data-element_type=\"section\" data-e-type=\"section\">\n\t\t\t\t\t\t<div class=\"elementor-container elementor-column-gap-no\">\n\t\t\t\t\t<div class=\"elementor-column elementor-col-50 elementor-inner-column elementor-element elementor-element-68dfc35\" data-id=\"68dfc35\" data-element_type=\"column\" data-e-type=\"column\" data-settings=\"{&quot;background_background&quot;:&quot;classic&quot;}\">\n\t\t\t<div class=\"elementor-widget-wrap elementor-element-populated\">\n\t\t\t\t\t\t<div class=\"elementor-element elementor-element-f8f0cf3 elementor-widget elementor-widget-heading\" data-id=\"f8f0cf3\" data-element_type=\"widget\" data-e-type=\"widget\" data-widget_type=\"heading.default\">\n\t\t\t\t<div class=\"elementor-widget-container\">\n\t\t\t\t\t<h2 class=\"elementor-heading-title elementor-size-default\">Gesti\u00f3n Empresarial&lt;br\n\nDamos respuesta a servicios de apoyo t\u00e9cnico e implantaci\u00f3n en:\n\n- Sistemas de Gesti\u00f3n de la Calidad ISO 9001.\n- Gesti\u00f3n de la Calidad en Automoci\u00f3n IATF 16949.\n- Protecci\u00f3n de Datos Personales.\n- Modelos de Excelencia en Gesti\u00f3n: EFQM, Modelo de Gesti\u00f3n Avanzada.\n- Sistemas de gesti\u00f3n de la Seguridad Vial ISO 39001.\n- 5S.\n- Gesti\u00f3n por Procesos.\n- Asistencia en la Calibraci\u00f3n y Verificaci\u00f3n de Equipos de Medida.\n<\/h2>\t\t\t\t<\/div>\n\t\t\t\t<\/div>\n\t\t\t\t<div class=\"elementor-element elementor-element-ecc42cf elementor-widget elementor-widget-text-editor\" data-id=\"ecc42cf\" data-element_type=\"widget\" data-e-type=\"widget\" data-widget_type=\"text-editor.default\">\n\t\t\t\t<div class=\"elementor-widget-container\">\n\t\t\t\t\t\t\t\t\t<p><strong>Damos respuesta a servicios de apoyo t\u00e9cnico e implantaci\u00f3n en:<\/strong><\/p><p>&#8211; Sistemas de Gesti\u00f3n de la Calidad ISO 9001.<br \/>&#8211; Gesti\u00f3n de la Calidad en Automoci\u00f3n IATF 16949.<br \/>&#8211; Protecci\u00f3n de Datos Personales.<br \/>&#8211; Modelos de Excelencia en Gesti\u00f3n: EFQM, Modelo de Gesti\u00f3n Avanzada.<br \/>&#8211; Sistemas de gesti\u00f3n de la Seguridad Vial ISO 39001.<br \/>&#8211; 5S.<br \/>&#8211; Gesti\u00f3n por Procesos.<br \/>&#8211; Asistencia en la Calibraci\u00f3n y Verificaci\u00f3n de Equipos de Medida.<\/p>\t\t\t\t\t\t\t\t<\/div>\n\t\t\t\t<\/div>\n\t\t\t\t\t<\/div>\n\t\t<\/div>\n\t\t\t\t<div class=\"elementor-column elementor-col-50 elementor-inner-column elementor-element elementor-element-a06f3d6\" data-id=\"a06f3d6\" data-element_type=\"column\" data-e-type=\"column\" data-settings=\"{&quot;background_background&quot;:&quot;classic&quot;}\">\n\t\t\t<div class=\"elementor-widget-wrap elementor-element-populated\">\n\t\t\t\t\t\t<div class=\"elementor-element elementor-element-ef57574 elementor-widget elementor-widget-heading\" data-id=\"ef57574\" data-element_type=\"widget\" data-e-type=\"widget\" data-widget_type=\"heading.default\">\n\t\t\t\t<div class=\"elementor-widget-container\">\n\t\t\t\t\t<h2 class=\"elementor-heading-title elementor-size-default\">Seguridad y Salud en el Trabajo<\/h2>\t\t\t\t<\/div>\n\t\t\t\t<\/div>\n\t\t\t\t<div class=\"elementor-element elementor-element-fed6316 elementor-widget elementor-widget-text-editor\" data-id=\"fed6316\" data-element_type=\"widget\" data-e-type=\"widget\" data-widget_type=\"text-editor.default\">\n\t\t\t\t<div class=\"elementor-widget-container\">\n\t\t\t\t\t\t\t\t\t<p><strong>Ofrecemos Servicio de Consultor\u00eda destinados a:<\/strong><\/p><p>&#8211; Sistemas de Gesti\u00f3n de la Seguridad y Salud Laboral ISO 45001<br \/>&#8211; Identificaci\u00f3n y Evaluaci\u00f3n de cumplimiento legal en Seguridad Industrial.<br \/>&#8211; Asistencia T\u00e9cnica en Prevenci\u00f3n de Riesgos Laborales.<br \/>&#8211; Marcado CE.<\/p><p>\u00a0<\/p>\t\t\t\t\t\t\t\t<\/div>\n\t\t\t\t<\/div>\n\t\t\t\t\t<\/div>\n\t\t<\/div>\n\t\t\t\t\t<\/div>\n\t\t<\/section>\n\t\t\t\t\t<\/div>\n\t\t<\/div>\n\t\t\t\t\t<\/div>\n\t\t<\/section>\n\t\t\t\t<section class=\"elementor-section elementor-top-section elementor-element elementor-element-a139970 elementor-section-boxed elementor-section-height-default elementor-section-height-default\" data-id=\"a139970\" data-element_type=\"section\" data-e-type=\"section\" data-settings=\"{&quot;background_background&quot;:&quot;classic&quot;}\">\n\t\t\t\t\t\t\t<div class=\"elementor-background-overlay\"><\/div>\n\t\t\t\t\t\t\t<div class=\"elementor-container elementor-column-gap-no\">\n\t\t\t\t\t<div class=\"elementor-column elementor-col-50 elementor-top-column elementor-element elementor-element-1cf9e57 elementor-invisible\" data-id=\"1cf9e57\" data-element_type=\"column\" data-e-type=\"column\" data-settings=\"{&quot;animation&quot;:&quot;fadeIn&quot;,&quot;animation_delay&quot;:100}\">\n\t\t\t<div class=\"elementor-widget-wrap elementor-element-populated\">\n\t\t\t\t\t\t<div class=\"elementor-element elementor-element-2717813 elementor-widget elementor-widget-heading\" data-id=\"2717813\" data-element_type=\"widget\" data-e-type=\"widget\" data-widget_type=\"heading.default\">\n\t\t\t\t<div class=\"elementor-widget-container\">\n\t\t\t\t\t<h2 class=\"elementor-heading-title elementor-size-default\">Estaremos encantados de atenderte<\/h2>\t\t\t\t<\/div>\n\t\t\t\t<\/div>\n\t\t\t\t\t<\/div>\n\t\t<\/div>\n\t\t\t\t<div class=\"elementor-column elementor-col-50 elementor-top-column elementor-element elementor-element-b7b7291 elementor-invisible\" data-id=\"b7b7291\" data-element_type=\"column\" data-e-type=\"column\" data-settings=\"{&quot;background_background&quot;:&quot;classic&quot;,&quot;animation&quot;:&quot;fadeIn&quot;,&quot;animation_delay&quot;:200}\">\n\t\t\t<div class=\"elementor-widget-wrap elementor-element-populated\">\n\t\t\t\t\t\t<div class=\"elementor-element elementor-element-bc41ec5 elementor-widget__width-initial elementor-widget elementor-widget-button\" data-id=\"bc41ec5\" data-element_type=\"widget\" data-e-type=\"widget\" data-widget_type=\"button.default\">\n\t\t\t\t<div class=\"elementor-widget-container\">\n\t\t\t\t\t\t\t\t\t<div class=\"elementor-button-wrapper\">\n\t\t\t\t\t<a class=\"elementor-button elementor-button-link elementor-size-sm\" href=\"https:\/\/bkiconsulting.net\/eu\/contacto\/\">\n\t\t\t\t\t\t<span class=\"elementor-button-content-wrapper\">\n\t\t\t\t\t\t\t\t\t<span class=\"elementor-button-text\">Jarri gurekin harreman<\/span>\n\t\t\t\t\t<\/span>\n\t\t\t\t\t<\/a>\n\t\t\t\t<\/div>\n\t\t\t\t\t\t\t\t<\/div>\n\t\t\t\t<\/div>\n\t\t\t\t\t<\/div>\n\t\t<\/div>\n\t\t\t\t\t<\/div>\n\t\t<\/section>\n\t\t\t\t<\/div>","protected":false},"excerpt":{"rendered":"<p>Consultoria Somos expertos en dos \u00e1mbitos de trabajo: Gesti\u00f3n Empresarial. Seguridad y Salud en el Trabajo. Gesti\u00f3n Empresarial<\/p>","protected":false},"author":1,"featured_media":0,"parent":0,"menu_order":0,"comment_status":"closed","ping_status":"closed","template":"elementor_canvas","meta":{"footnotes":""},"class_list":["post-22","page","type-page","status-publish","hentry"],"yoast_head":"<!-- This site is optimized with the Yoast SEO plugin v27.5 - https:\/\/yoast.com\/product\/yoast-seo-wordpress\/ -->\n<title>Consultoria - BKI Consulting<\/title>\n<meta name=\"robots\" content=\"index, follow, max-snippet:-1, max-image-preview:large, max-video-preview:-1\" \/>\n<link rel=\"canonical\" href=\"https:\/\/bkiconsulting.net\/eu\/consultoria\/\" \/>\n<meta property=\"og:locale\" content=\"en_US\" \/>\n<meta property=\"og:type\" content=\"article\" \/>\n<meta property=\"og:title\" content=\"Consultoria - BKI Consulting\" \/>\n<meta property=\"og:description\" content=\"Consultoria Somos expertos en dos \u00e1mbitos de trabajo: Gesti\u00f3n Empresarial. Seguridad y Salud en el Trabajo. Gesti\u00f3n Empresarial\" \/>\n<meta property=\"og:url\" content=\"https:\/\/bkiconsulting.net\/eu\/consultoria\/\" \/>\n<meta property=\"og:site_name\" content=\"BKI Consulting\" \/>\n<meta property=\"article:modified_time\" content=\"2023-07-20T23:52:39+00:00\" \/>\n<meta property=\"og:image\" content=\"https:\/\/bkiconsulting.net\/wp-content\/uploads\/2023\/07\/blog4.jpg\" \/>\n<meta name=\"twitter:card\" content=\"summary_large_image\" \/>\n<meta name=\"twitter:label1\" content=\"Est. reading time\" \/>\n\t<meta name=\"twitter:data1\" content=\"1 minutua\" \/>\n<script type=\"application\/ld+json\" class=\"yoast-schema-graph\">{\"@context\":\"https:\\\/\\\/schema.org\",\"@graph\":[{\"@type\":\"WebPage\",\"@id\":\"https:\\\/\\\/bkiconsulting.net\\\/consultoria\\\/\",\"url\":\"https:\\\/\\\/bkiconsulting.net\\\/consultoria\\\/\",\"name\":\"Consultoria - BKI Consulting\",\"isPartOf\":{\"@id\":\"https:\\\/\\\/bkiconsulting.net\\\/#website\"},\"primaryImageOfPage\":{\"@id\":\"https:\\\/\\\/bkiconsulting.net\\\/consultoria\\\/#primaryimage\"},\"image\":{\"@id\":\"https:\\\/\\\/bkiconsulting.net\\\/consultoria\\\/#primaryimage\"},\"thumbnailUrl\":\"https:\\\/\\\/bkiconsulting.net\\\/wp-content\\\/uploads\\\/2023\\\/07\\\/blog4.jpg\",\"datePublished\":\"2023-07-12T14:52:08+00:00\",\"dateModified\":\"2023-07-20T23:52:39+00:00\",\"breadcrumb\":{\"@id\":\"https:\\\/\\\/bkiconsulting.net\\\/consultoria\\\/#breadcrumb\"},\"inLanguage\":\"eu\",\"potentialAction\":[{\"@type\":\"ReadAction\",\"target\":[\"https:\\\/\\\/bkiconsulting.net\\\/consultoria\\\/\"]}]},{\"@type\":\"ImageObject\",\"inLanguage\":\"eu\",\"@id\":\"https:\\\/\\\/bkiconsulting.net\\\/consultoria\\\/#primaryimage\",\"url\":\"https:\\\/\\\/bkiconsulting.net\\\/wp-content\\\/uploads\\\/2023\\\/07\\\/blog4.jpg\",\"contentUrl\":\"https:\\\/\\\/bkiconsulting.net\\\/wp-content\\\/uploads\\\/2023\\\/07\\\/blog4.jpg\"},{\"@type\":\"BreadcrumbList\",\"@id\":\"https:\\\/\\\/bkiconsulting.net\\\/consultoria\\\/#breadcrumb\",\"itemListElement\":[{\"@type\":\"ListItem\",\"position\":1,\"name\":\"Portada\",\"item\":\"https:\\\/\\\/bkiconsulting.net\\\/\"},{\"@type\":\"ListItem\",\"position\":2,\"name\":\"Consultoria\"}]},{\"@type\":\"WebSite\",\"@id\":\"https:\\\/\\\/bkiconsulting.net\\\/#website\",\"url\":\"https:\\\/\\\/bkiconsulting.net\\\/\",\"name\":\"BKI Consulting\",\"description\":\"Auditor\u00eda en sistemas de Gesti\u00f3n Empresarial\",\"publisher\":{\"@id\":\"https:\\\/\\\/bkiconsulting.net\\\/#organization\"},\"potentialAction\":[{\"@type\":\"SearchAction\",\"target\":{\"@type\":\"EntryPoint\",\"urlTemplate\":\"https:\\\/\\\/bkiconsulting.net\\\/?s={search_term_string}\"},\"query-input\":{\"@type\":\"PropertyValueSpecification\",\"valueRequired\":true,\"valueName\":\"search_term_string\"}}],\"inLanguage\":\"eu\"},{\"@type\":\"Organization\",\"@id\":\"https:\\\/\\\/bkiconsulting.net\\\/#organization\",\"name\":\"BKI Consulting\",\"url\":\"https:\\\/\\\/bkiconsulting.net\\\/\",\"logo\":{\"@type\":\"ImageObject\",\"inLanguage\":\"eu\",\"@id\":\"https:\\\/\\\/bkiconsulting.net\\\/#\\\/schema\\\/logo\\\/image\\\/\",\"url\":\"https:\\\/\\\/bkiconsulting.net\\\/wp-content\\\/uploads\\\/2023\\\/07\\\/cropped-Logo-BKI.jpg\",\"contentUrl\":\"https:\\\/\\\/bkiconsulting.net\\\/wp-content\\\/uploads\\\/2023\\\/07\\\/cropped-Logo-BKI.jpg\",\"width\":1125,\"height\":509,\"caption\":\"BKI Consulting\"},\"image\":{\"@id\":\"https:\\\/\\\/bkiconsulting.net\\\/#\\\/schema\\\/logo\\\/image\\\/\"}}]}<\/script>\n<!-- \/ Yoast SEO plugin. -->","yoast_head_json":{"title":"Consultoria - BKI Consulting","robots":{"index":"index","follow":"follow","max-snippet":"max-snippet:-1","max-image-preview":"max-image-preview:large","max-video-preview":"max-video-preview:-1"},"canonical":"https:\/\/bkiconsulting.net\/eu\/consultoria\/","og_locale":"en_US","og_type":"article","og_title":"Consultoria - BKI Consulting","og_description":"Consultoria Somos expertos en dos \u00e1mbitos de trabajo: Gesti\u00f3n Empresarial. Seguridad y Salud en el Trabajo. Gesti\u00f3n Empresarial","og_url":"https:\/\/bkiconsulting.net\/eu\/consultoria\/","og_site_name":"BKI Consulting","article_modified_time":"2023-07-20T23:52:39+00:00","og_image":[{"url":"https:\/\/bkiconsulting.net\/wp-content\/uploads\/2023\/07\/blog4.jpg","type":"","width":"","height":""}],"twitter_card":"summary_large_image","twitter_misc":{"Est. reading time":"1 minutua"},"schema":{"@context":"https:\/\/schema.org","@graph":[{"@type":"WebPage","@id":"https:\/\/bkiconsulting.net\/consultoria\/","url":"https:\/\/bkiconsulting.net\/consultoria\/","name":"Consultoria - BKI Consulting","isPartOf":{"@id":"https:\/\/bkiconsulting.net\/#website"},"primaryImageOfPage":{"@id":"https:\/\/bkiconsulting.net\/consultoria\/#primaryimage"},"image":{"@id":"https:\/\/bkiconsulting.net\/consultoria\/#primaryimage"},"thumbnailUrl":"https:\/\/bkiconsulting.net\/wp-content\/uploads\/2023\/07\/blog4.jpg","datePublished":"2023-07-12T14:52:08+00:00","dateModified":"2023-07-20T23:52:39+00:00","breadcrumb":{"@id":"https:\/\/bkiconsulting.net\/consultoria\/#breadcrumb"},"inLanguage":"eu","potentialAction":[{"@type":"ReadAction","target":["https:\/\/bkiconsulting.net\/consultoria\/"]}]},{"@type":"ImageObject","inLanguage":"eu","@id":"https:\/\/bkiconsulting.net\/consultoria\/#primaryimage","url":"https:\/\/bkiconsulting.net\/wp-content\/uploads\/2023\/07\/blog4.jpg","contentUrl":"https:\/\/bkiconsulting.net\/wp-content\/uploads\/2023\/07\/blog4.jpg"},{"@type":"BreadcrumbList","@id":"https:\/\/bkiconsulting.net\/consultoria\/#breadcrumb","itemListElement":[{"@type":"ListItem","position":1,"name":"Portada","item":"https:\/\/bkiconsulting.net\/"},{"@type":"ListItem","position":2,"name":"Consultoria"}]},{"@type":"WebSite","@id":"https:\/\/bkiconsulting.net\/#website","url":"https:\/\/bkiconsulting.net\/","name":"BKI Consulting","description":"Auditor\u00eda en sistemas de Gesti\u00f3n Empresarial","publisher":{"@id":"https:\/\/bkiconsulting.net\/#organization"},"potentialAction":[{"@type":"SearchAction","target":{"@type":"EntryPoint","urlTemplate":"https:\/\/bkiconsulting.net\/?s={search_term_string}"},"query-input":{"@type":"PropertyValueSpecification","valueRequired":true,"valueName":"search_term_string"}}],"inLanguage":"eu"},{"@type":"Organization","@id":"https:\/\/bkiconsulting.net\/#organization","name":"BKI Consulting","url":"https:\/\/bkiconsulting.net\/","logo":{"@type":"ImageObject","inLanguage":"eu","@id":"https:\/\/bkiconsulting.net\/#\/schema\/logo\/image\/","url":"https:\/\/bkiconsulting.net\/wp-content\/uploads\/2023\/07\/cropped-Logo-BKI.jpg","contentUrl":"https:\/\/bkiconsulting.net\/wp-content\/uploads\/2023\/07\/cropped-Logo-BKI.jpg","width":1125,"height":509,"caption":"BKI Consulting"},"image":{"@id":"https:\/\/bkiconsulting.net\/#\/schema\/logo\/image\/"}}]}},"_links":{"self":[{"href":"https:\/\/bkiconsulting.net\/eu\/wp-json\/wp\/v2\/pages\/22","targetHints":{"allow":["GET"]}}],"collection":[{"href":"https:\/\/bkiconsulting.net\/eu\/wp-json\/wp\/v2\/pages"}],"about":[{"href":"https:\/\/bkiconsulting.net\/eu\/wp-json\/wp\/v2\/types\/page"}],"author":[{"embeddable":true,"href":"https:\/\/bkiconsulting.net\/eu\/wp-json\/wp\/v2\/users\/1"}],"replies":[{"embeddable":true,"href":"https:\/\/bkiconsulting.net\/eu\/wp-json\/wp\/v2\/comments?post=22"}],"version-history":[{"count":37,"href":"https:\/\/bkiconsulting.net\/eu\/wp-json\/wp\/v2\/pages\/22\/revisions"}],"predecessor-version":[{"id":713,"href":"https:\/\/bkiconsulting.net\/eu\/wp-json\/wp\/v2\/pages\/22\/revisions\/713"}],"wp:attachment":[{"href":"https:\/\/bkiconsulting.net\/eu\/wp-json\/wp\/v2\/media?parent=22"}],"curies":[{"name":"wp","href":"https:\/\/api.w.org\/{rel}","templated":true}]}}